{"id":1410,"date":"2025-05-06T10:40:02","date_gmt":"2025-05-06T10:40:02","guid":{"rendered":"https:\/\/heimatverein.webdesign-schwaben.de\/?page_id=1410"},"modified":"2025-10-17T09:55:23","modified_gmt":"2025-10-17T09:55:23","slug":"depot-frauenstetten","status":"publish","type":"page","link":"https:\/\/www.heimatverein-unteres-zusamtal.de\/index.php\/depot-frauenstetten\/","title":{"rendered":"Depot Frauenstetten"},"content":{"rendered":"<p>[et_pb_section fb_built=&#8220;1&#8243; fullwidth=&#8220;on&#8220; disabled_on=&#8220;off|off|off&#8220; _builder_version=&#8220;4.27.3&#8243; _module_preset=&#8220;default&#8220; bottom_divider_style=&#8220;wave2&#8243; bottom_divider_color=&#8220;#FFFFFF&#8220; bottom_divider_height=&#8220;196px&#8220; bottom_divider_flip=&#8220;horizontal&#8220; global_colors_info=&#8220;{}&#8220;][et_pb_fullwidth_header title=&#8220;Depot Frauenstetten&#8220; background_overlay_color=&#8220;rgba(0,0,0,0.16)&#8220; _builder_version=&#8220;4.27.3&#8243; _module_preset=&#8220;default&#8220; title_font=&#8220;|&#8211;et_global_heading_font_weight|||||||&#8220; title_text_align=&#8220;center&#8220; title_font_size=&#8220;42px&#8220; title_line_height=&#8220;1.7em&#8220; background_color=&#8220;#FFFFFF&#8220; background_image=&#8220;https:\/\/www.heimatverein-unteres-zusamtal.de\/wp-content\/uploads\/2025\/09\/DSCI0009.jpg&#8220; module_alignment=&#8220;center&#8220; min_height=&#8220;640px&#8220; custom_margin=&#8220;||||false|false&#8220; custom_padding=&#8220;20px||600px||false|false&#8220; animation_style=&#8220;fade&#8220; global_colors_info=&#8220;{}&#8220;][\/et_pb_fullwidth_header][\/et_pb_section][et_pb_section fb_built=&#8220;1&#8243; admin_label=&#8220;About&#8220; _builder_version=&#8220;4.16&#8243; custom_padding=&#8220;10px||20px|||&#8220; global_colors_info=&#8220;{}&#8220;][et_pb_row _builder_version=&#8220;4.27.3&#8243; _module_preset=&#8220;default&#8220; global_colors_info=&#8220;{}&#8220;][et_pb_column type=&#8220;4_4&#8243; _builder_version=&#8220;4.27.3&#8243; _module_preset=&#8220;default&#8220; global_colors_info=&#8220;{}&#8220;][et_pb_text _builder_version=&#8220;4.27.4&#8243; _module_preset=&#8220;default&#8220; hover_enabled=&#8220;0&#8243; global_colors_info=&#8220;{}&#8220; sticky_enabled=&#8220;0&#8243;]<\/p>\n<h1 style=\"text-align: center;\"><strong>Einige Bilder aus dem &#8222;Depot&#8220;<\/strong><\/h1>\n<p>[\/et_pb_text][\/et_pb_column][\/et_pb_row][et_pb_row column_structure=&#8220;1_4,1_4,1_4,1_4&#8243; _builder_version=&#8220;4.27.3&#8243; _module_preset=&#8220;default&#8220; max_width=&#8220;2000px&#8220; global_colors_info=&#8220;{}&#8220;][et_pb_column type=&#8220;1_4&#8243; _builder_version=&#8220;4.27.3&#8243; _module_preset=&#8220;default&#8220; global_colors_info=&#8220;{}&#8220;][et_pb_image src=&#8220;https:\/\/www.heimatverein-unteres-zusamtal.de\/wp-content\/uploads\/2025\/10\/DSCI0015.jpg&#8220; title_text=&#8220;DSCI0015&#8243; show_in_lightbox=&#8220;on&#8220; _builder_version=&#8220;4.27.4&#8243; _module_preset=&#8220;default&#8220; hover_enabled=&#8220;0&#8243; global_colors_info=&#8220;{}&#8220; sticky_enabled=&#8220;0&#8243;][\/et_pb_image][\/et_pb_column][et_pb_column type=&#8220;1_4&#8243; _builder_version=&#8220;4.27.3&#8243; _module_preset=&#8220;default&#8220; global_colors_info=&#8220;{}&#8220;][et_pb_image src=&#8220;https:\/\/www.heimatverein-unteres-zusamtal.de\/wp-content\/uploads\/2025\/10\/DSCI0009.jpg&#8220; title_text=&#8220;DSCI0009&#8243; show_in_lightbox=&#8220;on&#8220; _builder_version=&#8220;4.27.3&#8243; _module_preset=&#8220;default&#8220; global_colors_info=&#8220;{}&#8220;][\/et_pb_image][\/et_pb_column][et_pb_column type=&#8220;1_4&#8243; _builder_version=&#8220;4.27.3&#8243; _module_preset=&#8220;default&#8220; global_colors_info=&#8220;{}&#8220;][et_pb_image src=&#8220;https:\/\/www.heimatverein-unteres-zusamtal.de\/wp-content\/uploads\/2025\/10\/DSCI0011.jpg&#8220; title_text=&#8220;DSCI0011&#8243; show_in_lightbox=&#8220;on&#8220; _builder_version=&#8220;4.27.4&#8243; _module_preset=&#8220;default&#8220; hover_enabled=&#8220;0&#8243; global_colors_info=&#8220;{}&#8220; sticky_enabled=&#8220;0&#8243;][\/et_pb_image][\/et_pb_column][et_pb_column type=&#8220;1_4&#8243; _builder_version=&#8220;4.27.3&#8243; _module_preset=&#8220;default&#8220; global_colors_info=&#8220;{}&#8220;][et_pb_image src=&#8220;https:\/\/www.heimatverein-unteres-zusamtal.de\/wp-content\/uploads\/2025\/10\/DSCI0013.jpg&#8220; title_text=&#8220;DSCI0013&#8243; show_in_lightbox=&#8220;on&#8220; _builder_version=&#8220;4.27.3&#8243; _module_preset=&#8220;default&#8220; global_colors_info=&#8220;{}&#8220;][\/et_pb_image][\/et_pb_column][\/et_pb_row][\/et_pb_section]<\/p>\n","protected":false},"excerpt":{"rendered":"<p>Einige Bilder aus dem &#8222;Depot&#8220;<\/p>\n","protected":false},"author":1,"featured_media":0,"parent":0,"menu_order":0,"comment_status":"closed","ping_status":"closed","template":"","meta":{"_et_pb_use_builder":"on","_et_pb_old_content":"<p>[et_pb_section fb_built=\"1\" fullwidth=\"on\" disabled_on=\"off|off|off\" _builder_version=\"4.27.3\" _module_preset=\"default\" bottom_divider_style=\"arrow2\" bottom_divider_color=\"#FFFFFF\" global_colors_info=\"{}\"][et_pb_fullwidth_header title=\"Heimatkundliche Sammlung\" background_overlay_color=\"rgba(0,0,0,0.16)\" _builder_version=\"4.27.3\" _module_preset=\"default\" title_font=\"|--et_global_heading_font_weight|||||||\" title_text_align=\"center\" title_font_size=\"42px\" title_line_height=\"1.7em\" background_color=\"#FFFFFF\" background_image=\"https:\/\/www.heimatverein-unteres-zusamtal.de\/wp-content\/uploads\/2024\/11\/Heimatverein-Kaesinger-1-8553.jpg\" module_alignment=\"center\" min_height=\"640px\" custom_margin=\"||||false|false\" custom_padding=\"20px||600px||false|false\" animation_style=\"fade\" global_colors_info=\"{}\"][\/et_pb_fullwidth_header][\/et_pb_section][et_pb_section fb_built=\"1\" admin_label=\"About\" _builder_version=\"4.16\" custom_padding=\"10px||20px|||\" global_colors_info=\"{}\"][et_pb_row _builder_version=\"4.16\" custom_margin=\"|||\" custom_padding=\"26px||48px|||\" global_colors_info=\"{}\"][et_pb_column type=\"4_4\" _builder_version=\"4.16\" custom_padding=\"|||\" global_colors_info=\"{}\" custom_padding__hover=\"|||\"][et_pb_text admin_label=\"Title\" _builder_version=\"4.27.3\" text_font=\"Montserrat|300|||||||\" text_font_size=\"16px\" text_line_height=\"1.8em\" header_font=\"Arial||||||||\" header_2_font=\"Arial|500|||||||\" header_2_text_align=\"center\" header_2_font_size=\"40px\" header_2_line_height=\"1.4em\" header_3_font_size=\"30px\" text_orientation=\"center\" max_width=\"700px\" module_alignment=\"center\" custom_margin=\"||-36px|||\" animation_style=\"slide\" animation_direction=\"right\" global_colors_info=\"{}\"]<\/p><h2>Unsere heimatkundliche Sammlung im Zehentstadel in Pfaffenhofen<\/h2><section class=\"avada-page-titlebar-wrapper\" aria-label=\"Page Title Bar\"><div class=\"fusion-page-title-bar fusion-page-title-bar-breadcrumbs fusion-page-title-bar-left\"><div class=\"fusion-page-title-row\"><div class=\"fusion-page-title-wrapper\">\u00a0<\/div><\/div><\/div><\/section><p>[\/et_pb_text][\/et_pb_column][\/et_pb_row][\/et_pb_section][et_pb_section fb_built=\"1\" admin_label=\"Quote\" _builder_version=\"4.27.3\" background_color=\"#0C71C3\" background_enable_image=\"off\" parallax=\"on\" max_width=\"90%\" max_width_tablet=\"100%\" max_width_phone=\"\" max_width_last_edited=\"on|desktop\" module_alignment=\"left\" custom_margin=\"-3px|49px||||\" custom_padding=\"18px|0px||||\" animation_style=\"slide\" animation_direction=\"left\" border_radii=\"off||55px|55px|\" global_colors_info=\"{}\"][et_pb_row column_structure=\"2_3,1_3\" _builder_version=\"4.22.2\" max_width=\"80%\" custom_margin=\"|-12%||279px||\" custom_margin_tablet=\"|10%||10%\" custom_margin_phone=\"\" custom_margin_last_edited=\"on|tablet\" custom_padding=\"|||\" use_custom_width=\"on\" width_unit=\"off\" global_colors_info=\"{}\"][et_pb_column type=\"2_3\" _builder_version=\"4.16\" custom_padding=\"|||\" global_colors_info=\"{}\" custom_padding__hover=\"|||\"][et_pb_text _builder_version=\"4.27.3\" text_font=\"Montserrat||||||||\" text_font_size=\"24px\" text_line_height=\"1.6em\" header_font=\"Arial||||||||\" header_font_size=\"26px\" header_line_height=\"1.4em\" background_layout=\"dark\" animation_style=\"fade\" global_colors_info=\"{}\"]<\/p><h1>Wir sammeln historische Objekte aus dem Unteren Zusamtal: Kleidung in fr\u00fcheren Zeiten, landwirtschaftliche Ger\u00e4tsch\u00e4ften, alte Werkzeuge, Haushaltsgegenst\u00e4nde, Heiligenbilder, M\u00f6bel \u2013 und noch viel mehr. Inzwischen befinden sich \u00fcber 2.500 Objekte in unserem Fundus.<\/h1><p>[\/et_pb_text][\/et_pb_column][et_pb_column type=\"1_3\" _builder_version=\"4.22.2\" _module_preset=\"default\" global_colors_info=\"{}\"][\/et_pb_column][\/et_pb_row][et_pb_row column_structure=\"2_3,1_3\" _builder_version=\"4.22.2\" max_width=\"80%\" custom_margin=\"|-12%||279px||\" custom_margin_tablet=\"|10%||10%\" custom_margin_phone=\"\" custom_margin_last_edited=\"on|tablet\" custom_padding=\"5px||5px|||\" use_custom_width=\"on\" width_unit=\"off\" global_colors_info=\"{}\"][et_pb_column type=\"2_3\" _builder_version=\"4.16\" custom_padding=\"|||\" global_colors_info=\"{}\" custom_padding__hover=\"|||\"][et_pb_text _builder_version=\"4.27.3\" _module_preset=\"default\" hover_enabled=\"0\" global_colors_info=\"{}\" sticky_enabled=\"0\"]<span style=\"color: #ffffff;\">Gerne nehmen wir Neuzug\u00e4nge entgegen. Bei Interesse nehmen Sie Kontakt auf mit 1. Vorsitzenden Dr. Johannes Mordstein (Tel. 08274\/9289898; <a style=\"color: #ffffff;\" href=\"mailto:johannes.mordstein@gmx.de\">johannes.mordstein@gmx.de<\/a>).<\/span><\/p><p><span style=\"color: #ffffff;\">\u00a0<\/span><\/p><p><span style=\"color: #ffffff;\">Unser Zuhause ist der <u>Zehentstadel<\/u> in Pfaffenhofen a. d. Zusam.<\/span><\/p><p><span style=\"color: #ffffff;\"><em>(Link zum Zehentstadel Pfaffenhofen: PDF-Datei der Infotafel)<\/em><\/span><\/p><p><span style=\"color: #ffffff;\">\u00a0<\/span><\/p><p><span style=\"color: #ffffff;\">Im Geb\u00e4ude der ehem. Genossenschaftsbank Frauenstetten befindet sich unser Depot f\u00fcr gro\u00dfe Objekte.<\/span><\/p><p><span style=\"color: #ffffff;\"><em>(Link zu Fotos von Depot Frauenstetten)<\/em><\/span>[\/et_pb_text][\/et_pb_column][et_pb_column type=\"1_3\" _builder_version=\"4.22.2\" _module_preset=\"default\" global_colors_info=\"{}\"][et_pb_image src=\"https:\/\/www.heimatverein-unteres-zusamtal.de\/wp-content\/uploads\/2024\/11\/Heimatverein-Kaesinger-1-8559.jpg\" title_text=\"Heimatverein-Kaesinger-1-8559\" align=\"center\" _builder_version=\"4.27.3\" _module_preset=\"default\" module_alignment=\"center\" custom_margin=\"||||false|false\" custom_padding=\"||||false|true\" animation_style=\"slide\" animation_direction=\"right\" global_colors_info=\"{}\"][\/et_pb_image][et_pb_text _builder_version=\"4.27.0\" _module_preset=\"default\" global_colors_info=\"{}\"]<\/p><p><span style=\"color: #ffffff;\">Your content goes here. Edit or remove this text inline or in the module Content settings. You can also style every aspect of this content in the module Design settings and even apply custom CSS to this text in the module Advanced settings.<\/span><\/p><p>[\/et_pb_text][\/et_pb_column][\/et_pb_row][et_pb_row column_structure=\"1_3,1_3,1_3\" _builder_version=\"4.22.2\" max_width=\"80%\" custom_margin=\"|-12%||279px||\" custom_margin_tablet=\"|10%||10%\" custom_margin_phone=\"\" custom_margin_last_edited=\"on|tablet\" custom_padding=\"|||\" animation_style=\"slide\" animation_direction=\"left\" use_custom_width=\"on\" width_unit=\"off\" global_colors_info=\"{}\"][et_pb_column type=\"1_3\" _builder_version=\"4.16\" custom_padding=\"|||\" global_colors_info=\"{}\" custom_padding__hover=\"|||\"][et_pb_image src=\"https:\/\/www.heimatverein-unteres-zusamtal.de\/wp-content\/uploads\/2024\/11\/Heimatverein-Kaesinger-1-8569.jpg\" title_text=\"Heimatverein-Kaesinger-1-8569\" _builder_version=\"4.27.3\" _module_preset=\"default\" global_colors_info=\"{}\"][\/et_pb_image][\/et_pb_column][et_pb_column type=\"1_3\" _builder_version=\"4.22.2\" _module_preset=\"default\" global_colors_info=\"{}\"][et_pb_image src=\"https:\/\/www.heimatverein-unteres-zusamtal.de\/wp-content\/uploads\/2024\/11\/Heimatverein-Kaesinger-1-8583.jpg\" title_text=\"Heimatverein-Kaesinger-1-8583\" _builder_version=\"4.27.3\" _module_preset=\"default\" global_colors_info=\"{}\"][\/et_pb_image][\/et_pb_column][et_pb_column type=\"1_3\" _builder_version=\"4.22.2\" _module_preset=\"default\" global_colors_info=\"{}\"][et_pb_image src=\"https:\/\/www.heimatverein-unteres-zusamtal.de\/wp-content\/uploads\/2024\/11\/Heimatverein-Kaesinger-1-8583.jpg\" title_text=\"Heimatverein-Kaesinger-1-8583\" _builder_version=\"4.27.3\" _module_preset=\"default\" global_colors_info=\"{}\"][\/et_pb_image][\/et_pb_column][\/et_pb_row][et_pb_row column_structure=\"1_3,1_3,1_3\" _builder_version=\"4.22.2\" _module_preset=\"default\" width=\"100%\" max_width=\"2560px\" custom_padding=\"|4em||4em|false|true\" global_colors_info=\"{}\"][et_pb_column type=\"1_3\" _builder_version=\"4.22.2\" _module_preset=\"default\" global_colors_info=\"{}\"][\/et_pb_column][et_pb_column type=\"1_3\" _builder_version=\"4.22.2\" _module_preset=\"default\" global_colors_info=\"{}\"][\/et_pb_column][et_pb_column type=\"1_3\" _builder_version=\"4.22.2\" _module_preset=\"default\" global_colors_info=\"{}\"][\/et_pb_column][\/et_pb_row][\/et_pb_section][et_pb_section fb_built=\"1\" admin_label=\"Quote\" _builder_version=\"4.27.3\" background_color=\"#0a47af\" background_enable_image=\"off\" parallax=\"on\" position_origin_r=\"top_right\" max_width=\"90%\" max_width_tablet=\"100%\" max_width_phone=\"\" max_width_last_edited=\"on|desktop\" module_alignment=\"right\" custom_margin=\"35px|||49px|false|false\" custom_padding=\"18px|0px||||\" animation_style=\"slide\" animation_direction=\"right\" border_radii=\"off|55px|||55px\" global_colors_info=\"{}\"][et_pb_row column_structure=\"2_5,3_5\" _builder_version=\"4.22.2\" max_width=\"80%\" custom_margin=\"|-12%||113px||\" custom_margin_tablet=\"|10%||10%\" custom_margin_phone=\"\" custom_margin_last_edited=\"on|tablet\" custom_padding=\"|||\" use_custom_width=\"on\" width_unit=\"off\" global_colors_info=\"{}\"][et_pb_column type=\"2_5\" _builder_version=\"4.16\" custom_padding=\"|||\" global_colors_info=\"{}\" custom_padding__hover=\"|||\"][et_pb_image src=\"https:\/\/www.heimatverein-unteres-zusamtal.de\/wp-content\/uploads\/2024\/11\/Heimatverein-Kaesinger-1-8601.jpg\" title_text=\"Heimatverein-Kaesinger-1-8601\" align=\"center\" _builder_version=\"4.27.3\" _module_preset=\"default\" module_alignment=\"center\" custom_margin=\"||||false|false\" custom_padding=\"||||false|true\" animation_style=\"slide\" animation_direction=\"right\" global_colors_info=\"{}\"][\/et_pb_image][et_pb_image src=\"https:\/\/www.heimatverein-unteres-zusamtal.de\/wp-content\/uploads\/2024\/11\/Heimatverein-Kaesinger-1-8610.jpg\" title_text=\"Heimatverein-Kaesinger-1-8610\" align=\"center\" _builder_version=\"4.27.3\" _module_preset=\"default\" module_alignment=\"center\" custom_margin=\"||||false|false\" custom_padding=\"||||false|true\" animation_style=\"slide\" animation_direction=\"right\" global_colors_info=\"{}\"][\/et_pb_image][et_pb_image src=\"https:\/\/www.heimatverein-unteres-zusamtal.de\/wp-content\/uploads\/2024\/11\/Heimatverein-Kaesinger-1-8569.jpg\" title_text=\"Heimatverein-Kaesinger-1-8569\" align=\"center\" _builder_version=\"4.27.3\" _module_preset=\"default\" module_alignment=\"center\" custom_margin=\"||||false|false\" custom_padding=\"||||false|true\" animation_style=\"slide\" animation_direction=\"right\" global_colors_info=\"{}\"][\/et_pb_image][et_pb_text _builder_version=\"4.27.3\" _module_preset=\"default\" global_colors_info=\"{}\"]<span style=\"color: #ffffff;\">Your content goes here. Edit or remove this text inline or in the module Content settings. You can also style every aspect of this content in the module Design settings and even apply custom CSS to this text in the module Advanced settings.<\/span><span style=\"color: #ffffff;\">Your content goes here. Edit or remove this text inline or in the module Content settings. You can also style every aspect of this content in the module Design settings and even apply custom CSS to this text in the module Advanced settings.<\/span><span style=\"color: #ffffff;\">Your content goes here. Edit or remove this text inline or in the module Content settings. You can also style every aspect of this content in the module Design settings and even apply custom CSS to this text in the module Advanced settings.<\/span>[\/et_pb_text][\/et_pb_column][et_pb_column type=\"3_5\" _builder_version=\"4.22.2\" _module_preset=\"default\" custom_padding=\"|18px|||false|false\" global_colors_info=\"{}\"][et_pb_text _builder_version=\"4.27.3\" text_font=\"Montserrat||||||||\" text_font_size=\"24px\" text_line_height=\"1.6em\" header_font=\"Arial||||||||\" header_font_size=\"26px\" background_layout=\"dark\" animation_style=\"fade\" global_colors_info=\"{}\"]<\/p><h1>Unser Ziel: Der Aufbau eines Heimatmuseums im Zehentstadel.<\/h1><p>[\/et_pb_text][et_pb_text _builder_version=\"4.27.3\" _module_preset=\"default\" global_colors_info=\"{}\"]<\/p><p><span style=\"color: #ffffff;\">Am Beispiel von interessanten, spannenden und aussagekr\u00e4ftigen Objekten wird das Museum die Geschichte des Unteren Zusamtals, seiner D\u00f6rfer und seiner Menschen beleuchten.<\/span><\/p><p><span style=\"color: #ffffff;\">Hier einige Beispiele:<\/span><\/p><p><span style=\"color: #ffffff;\"><u>Auf Scherbenmoirs Spuren: arch\u00e4ologische Sch\u00e4tze aus der Sammlung des Hobbyforschers Josef M\u00fcller aus Wortelstetten <\/u><\/span><\/p><p><span style=\"color: #ffffff;\"><em>(Link zu Fotos von Sammlung Josef M\u00fcller)<\/em><\/span><\/p><p><span style=\"color: #ffffff;\"><em>\u00a0<\/em><\/span><\/p><p><span style=\"color: #ffffff;\"><u>Plakat der Schutzgemeinschaft Donauried: Kampf gegen Magnetschwebebahn und Atomkraftwerk<\/u><\/span><\/p><p><span style=\"color: #ffffff;\"><em>(Link zu Foto eines Plakats der Schutzgemeinschaft Donauried)<\/em><\/span><\/p><p><span style=\"color: #ffffff;\"><em>\u00a0<\/em><\/span><\/p><p><span style=\"color: #ffffff;\"><u>Mit der Gemeindeglocke wurden \u00f6ffentliche Bekanntmachungen ausgerufen<\/u><\/span><\/p><p><span style=\"color: #ffffff;\"><em>(Link zu Foto der Gemeindeglocke)<\/em><\/span><\/p><p><span style=\"color: #ffffff;\"><em>\u00a0<\/em><\/span><\/p><p><span style=\"color: #ffffff;\"><u>Gebetszettel der Wallfahrt zur Salzbeinbachkapelle Unterth\u00fcrheim <\/u><\/span><\/p><p><span style=\"color: #ffffff;\"><em>(Link zu Foto des Gebetszettels)<\/em><\/span><\/p><p><span style=\"color: #ffffff;\"><em>\u00a0<\/em><\/span><\/p><p><span style=\"color: #ffffff;\"><u>Heimatvertriebene durften bei der Vertreibung nur mit einer Kiste mit pers\u00f6nlichen Habseligkeiten mitnehmen<\/u><\/span><\/p><p><span style=\"color: #ffffff;\"><em>(Link zu Foto der Vertriebenenkiste)<\/em><\/span><\/p><p>[\/et_pb_text][et_pb_gallery gallery_ids=\"1113,1112,1111,1110\" posts_number=\"20\" show_title_and_caption=\"off\" show_pagination=\"off\" _builder_version=\"4.27.3\" _module_preset=\"default\" global_colors_info=\"{}\"][\/et_pb_gallery][\/et_pb_column][\/et_pb_row][\/et_pb_section][et_pb_section fb_built=\"1\" admin_label=\"Quote\" _builder_version=\"4.27.3\" background_color=\"#0a47af\" background_enable_image=\"off\" parallax=\"on\" position_origin_r=\"top_right\" max_width=\"90%\" max_width_tablet=\"100%\" max_width_phone=\"\" max_width_last_edited=\"on|desktop\" module_alignment=\"right\" custom_margin=\"35px|||49px|false|false\" custom_padding=\"18px|0px||||\" animation_style=\"slide\" animation_direction=\"right\" border_radii=\"off|55px|||55px\" global_colors_info=\"{}\"][et_pb_row _builder_version=\"4.27.3\" max_width=\"80%\" custom_margin=\"|-12%||113px||\" custom_margin_tablet=\"|10%||10%\" custom_margin_phone=\"\" custom_margin_last_edited=\"on|tablet\" custom_padding=\"|||\" use_custom_width=\"on\" width_unit=\"off\" global_colors_info=\"{}\"][et_pb_column type=\"4_4\" _builder_version=\"4.16\" custom_padding=\"|||\" global_colors_info=\"{}\" custom_padding__hover=\"|||\"][et_pb_text _builder_version=\"4.27.3\" text_font=\"Montserrat||||||||\" text_font_size=\"24px\" text_line_height=\"1.6em\" header_font=\"Arial||||||||\" header_font_size=\"26px\" background_layout=\"dark\" animation_style=\"fade\" global_colors_info=\"{}\"]<\/p><h1>Fotos von Franz K\u00e4singer aus dem Museumsdepot<\/h1><p>Fotos aus Orner suchen... Galerie machen<\/p><p>[\/et_pb_text][et_pb_gallery gallery_ids=\"1113,1112,1111,1110\" posts_number=\"20\" show_title_and_caption=\"off\" show_pagination=\"off\" _builder_version=\"4.27.3\" _module_preset=\"default\" global_colors_info=\"{}\"][\/et_pb_gallery][\/et_pb_column][\/et_pb_row][\/et_pb_section][et_pb_section fb_built=\"1\" admin_label=\"Quote\" _builder_version=\"4.27.3\" background_color=\"#0C71C3\" background_enable_image=\"off\" parallax=\"on\" max_width=\"90%\" max_width_tablet=\"100%\" max_width_phone=\"\" max_width_last_edited=\"on|desktop\" module_alignment=\"left\" min_height=\"776.5px\" custom_margin=\"35px|49px||||\" custom_padding=\"18px|0px||||\" animation_style=\"slide\" animation_direction=\"left\" border_radii=\"off||55px|55px|\" global_colors_info=\"{}\"][et_pb_row column_structure=\"2_3,1_3\" _builder_version=\"4.22.2\" max_width=\"80%\" custom_margin=\"|-12%||279px||\" custom_margin_tablet=\"|10%||10%\" custom_margin_phone=\"\" custom_margin_last_edited=\"on|tablet\" custom_padding=\"|||\" use_custom_width=\"on\" width_unit=\"off\" global_colors_info=\"{}\"][et_pb_column type=\"2_3\" _builder_version=\"4.16\" custom_padding=\"|||\" global_colors_info=\"{}\" custom_padding__hover=\"|||\"][et_pb_text _builder_version=\"4.27.3\" _module_preset=\"default\" header_font_size=\"26px\" global_colors_info=\"{}\"]<\/p><h1><span style=\"color: #ffffff;\">Lieblingsobjekte von ehrenamtlichen Vereinsmitarbeitern<\/span><\/h1><p>[\/et_pb_text][et_pb_text _builder_version=\"4.27.3\" _module_preset=\"default\" hover_enabled=\"0\" sticky_enabled=\"0\"]<br \/><span style=\"color: #ffffff;\">Lieblingsobjekte von ehrenamtlichen Vereinsmitarbeitern<\/span><\/p><p><span style=\"color: #ffffff;\"><em>darunter in wechselnden Bildern <\/em><\/span><\/p><p><span style=\"color: #ffffff;\"><u>Historischer Grenzstein<\/u> (Dr. Johannes Mordstein)<\/span><\/p><p><span style=\"color: #ffffff;\"><em>(Link zur Seite \u00fcber Historischen Grenzstein)<\/em><\/span><\/p><p><span style=\"color: #ffffff;\"><em>(anschl. weitere Links zu Lieblingsobjekten)<\/em><\/span>[\/et_pb_text][\/et_pb_column][et_pb_column type=\"1_3\" _builder_version=\"4.22.2\" _module_preset=\"default\" global_colors_info=\"{}\"][\/et_pb_column][\/et_pb_row][et_pb_row _builder_version=\"4.27.3\" _module_preset=\"default\" global_colors_info=\"{}\"][et_pb_column type=\"4_4\" _builder_version=\"4.27.3\" _module_preset=\"default\" global_colors_info=\"{}\"][et_pb_blog fullwidth=\"off\" include_categories=\"57\" show_author=\"off\" show_date=\"off\" _builder_version=\"4.27.3\" _module_preset=\"default\" global_colors_info=\"{}\"][\/et_pb_blog][\/et_pb_column][\/et_pb_row][\/et_pb_section][et_pb_section fb_built=\"1\" _builder_version=\"4.27.3\" _module_preset=\"default\" global_colors_info=\"{}\"][\/et_pb_section]<\/p>","_et_gb_content_width":"","footnotes":""},"class_list":["post-1410","page","type-page","status-publish","hentry"],"_links":{"self":[{"href":"https:\/\/www.heimatverein-unteres-zusamtal.de\/index.php\/wp-json\/wp\/v2\/pages\/1410","targetHints":{"allow":["GET"]}}],"collection":[{"href":"https:\/\/www.heimatverein-unteres-zusamtal.de\/index.php\/wp-json\/wp\/v2\/pages"}],"about":[{"href":"https:\/\/www.heimatverein-unteres-zusamtal.de\/index.php\/wp-json\/wp\/v2\/types\/page"}],"author":[{"embeddable":true,"href":"https:\/\/www.heimatverein-unteres-zusamtal.de\/index.php\/wp-json\/wp\/v2\/users\/1"}],"replies":[{"embeddable":true,"href":"https:\/\/www.heimatverein-unteres-zusamtal.de\/index.php\/wp-json\/wp\/v2\/comments?post=1410"}],"version-history":[{"count":19,"href":"https:\/\/www.heimatverein-unteres-zusamtal.de\/index.php\/wp-json\/wp\/v2\/pages\/1410\/revisions"}],"predecessor-version":[{"id":1748,"href":"https:\/\/www.heimatverein-unteres-zusamtal.de\/index.php\/wp-json\/wp\/v2\/pages\/1410\/revisions\/1748"}],"wp:attachment":[{"href":"https:\/\/www.heimatverein-unteres-zusamtal.de\/index.php\/wp-json\/wp\/v2\/media?parent=1410"}],"curies":[{"name":"wp","href":"https:\/\/api.w.org\/{rel}","templated":true}]}}