{"id":1158,"date":"2024-11-17T13:07:28","date_gmt":"2024-11-17T13:07:28","guid":{"rendered":"https:\/\/historischer-verein-2024.webdesign-schwaben.de\/?page_id=1158"},"modified":"2025-10-14T14:21:11","modified_gmt":"2025-10-14T14:21:11","slug":"volkstanzgruppe","status":"publish","type":"page","link":"https:\/\/www.heimatverein-unteres-zusamtal.de\/index.php\/volkstanzgruppe\/","title":{"rendered":"Volkstanzgruppe"},"content":{"rendered":"<p>[et_pb_section fb_built=&#8220;1&#8243; fullwidth=&#8220;on&#8220; disabled_on=&#8220;off|off|off&#8220; _builder_version=&#8220;4.27.3&#8243; _module_preset=&#8220;default&#8220; bottom_divider_style=&#8220;wave2&#8243; bottom_divider_color=&#8220;#FFFFFF&#8220; hover_enabled=&#8220;0&#8243; global_colors_info=&#8220;{}&#8220; bottom_divider_height=&#8220;196px&#8220; bottom_divider_flip=&#8220;horizontal&#8220; sticky_enabled=&#8220;0&#8243;][et_pb_fullwidth_header title=&#8220;Volkstanzgruppe&#8220; background_overlay_color=&#8220;rgba(10,10,10,0.15)&#8220; _builder_version=&#8220;4.27.3&#8243; _module_preset=&#8220;default&#8220; title_font=&#8220;|&#8211;et_global_heading_font_weight|||||||&#8220; title_text_align=&#8220;center&#8220; title_font_size=&#8220;42px&#8220; title_line_height=&#8220;1.7em&#8220; background_color=&#8220;#FFFFFF&#8220; background_image=&#8220;https:\/\/www.heimatverein-unteres-zusamtal.de\/wp-content\/uploads\/2024\/11\/monika-deisenhofer-ZeitungsFoto-jubilaeumvolkstanzgruppe.webp&#8220; background_position=&#8220;top_center&#8220; module_alignment=&#8220;center&#8220; min_height=&#8220;640px&#8220; custom_margin=&#8220;||||false|false&#8220; custom_padding=&#8220;20px||600px||false|false&#8220; animation_style=&#8220;fade&#8220; global_colors_info=&#8220;{}&#8220;][\/et_pb_fullwidth_header][\/et_pb_section][et_pb_section fb_built=&#8220;1&#8243; admin_label=&#8220;About&#8220; _builder_version=&#8220;4.16&#8243; custom_padding=&#8220;10px||20px|||&#8220; global_colors_info=&#8220;{}&#8220;][et_pb_row _builder_version=&#8220;4.16&#8243; custom_margin=&#8220;|||&#8220; custom_padding=&#8220;26px||48px|||&#8220; global_colors_info=&#8220;{}&#8220;][et_pb_column type=&#8220;4_4&#8243; _builder_version=&#8220;4.16&#8243; custom_padding=&#8220;|||&#8220; global_colors_info=&#8220;{}&#8220; custom_padding__hover=&#8220;|||&#8220;][et_pb_text admin_label=&#8220;Title&#8220; _builder_version=&#8220;4.27.3&#8243; text_font=&#8220;Montserrat|300|||||||&#8220; text_font_size=&#8220;16px&#8220; text_line_height=&#8220;1.8em&#8220; header_font=&#8220;Arial||||||||&#8220; header_2_font=&#8220;Arial|500|||||||&#8220; header_2_text_align=&#8220;center&#8220; header_2_font_size=&#8220;40px&#8220; header_2_line_height=&#8220;1.4em&#8220; header_3_font_size=&#8220;30px&#8220; text_orientation=&#8220;center&#8220; max_width=&#8220;700px&#8220; module_alignment=&#8220;center&#8220; custom_margin=&#8220;||-36px|||&#8220; animation_style=&#8220;slide&#8220; animation_direction=&#8220;right&#8220; global_colors_info=&#8220;{}&#8220;]<\/p>\n<h2>Unsere Volkstanzgruppe<\/h2>\n<section class=\"avada-page-titlebar-wrapper\" aria-label=\"Page Title Bar\">\n<div class=\"fusion-page-title-bar fusion-page-title-bar-breadcrumbs fusion-page-title-bar-left\">\n<div class=\"fusion-page-title-row\">\n<div class=\"fusion-page-title-wrapper\"><\/div>\n<\/div>\n<\/div>\n<\/section>\n<p>[\/et_pb_text][\/et_pb_column][\/et_pb_row][\/et_pb_section][et_pb_section fb_built=&#8220;1&#8243; admin_label=&#8220;Quote&#8220; _builder_version=&#8220;4.27.3&#8243; background_color=&#8220;#0C71C3&#8243; background_enable_image=&#8220;off&#8220; parallax=&#8220;on&#8220; max_width=&#8220;97%&#8220; max_width_tablet=&#8220;100%&#8220; max_width_phone=&#8220;&#8220; max_width_last_edited=&#8220;on|desktop&#8220; module_alignment=&#8220;center&#8220; custom_margin=&#8220;||||false|false&#8220; custom_padding=&#8220;18px||||false|false&#8220; animation_style=&#8220;slide&#8220; animation_direction=&#8220;left&#8220; border_radii=&#8220;off||55px|55px|&#8220; global_colors_info=&#8220;{}&#8220;][et_pb_row column_structure=&#8220;2_3,1_3&#8243; _builder_version=&#8220;4.27.3&#8243; max_width=&#8220;80%&#8220; custom_margin=&#8220;||||false|false&#8220; custom_margin_tablet=&#8220;|10%||10%&#8220; custom_margin_phone=&#8220;&#8220; custom_margin_last_edited=&#8220;on|tablet&#8220; custom_padding=&#8220;|||&#8220; use_custom_width=&#8220;on&#8220; width_unit=&#8220;off&#8220; global_colors_info=&#8220;{}&#8220;][et_pb_column type=&#8220;2_3&#8243; _builder_version=&#8220;4.16&#8243; custom_padding=&#8220;|||&#8220; global_colors_info=&#8220;{}&#8220; custom_padding__hover=&#8220;|||&#8220;][et_pb_text _builder_version=&#8220;4.27.3&#8243; text_font=&#8220;Montserrat||||||||&#8220; text_font_size=&#8220;24px&#8220; text_line_height=&#8220;1.6em&#8220; header_font=&#8220;Arial||||||||&#8220; header_font_size=&#8220;26px&#8220; header_line_height=&#8220;1.5em&#8220; background_layout=&#8220;dark&#8220; animation_style=&#8220;fade&#8220; global_colors_info=&#8220;{}&#8220;]<\/p>\n<h1>Im Jahr 2000 feierten die D\u00f6rfer Oberth\u00fcrheim, Pfaffenhofen und Unterth\u00fcrheim das Jubil\u00e4um ihrer ersten urkundlichen Erw\u00e4hnung vor 1000 Jahren.<\/h1>\n<p>[\/et_pb_text][\/et_pb_column][et_pb_column type=&#8220;1_3&#8243; _builder_version=&#8220;4.22.2&#8243; _module_preset=&#8220;default&#8220; global_colors_info=&#8220;{}&#8220;][\/et_pb_column][\/et_pb_row][et_pb_row column_structure=&#8220;2_3,1_3&#8243; _builder_version=&#8220;4.27.3&#8243; max_width=&#8220;80%&#8220; custom_margin=&#8220;||||false|false&#8220; custom_margin_tablet=&#8220;|10%||10%&#8220; custom_margin_phone=&#8220;&#8220; custom_margin_last_edited=&#8220;on|tablet&#8220; custom_padding=&#8220;5px||5px|||&#8220; use_custom_width=&#8220;on&#8220; width_unit=&#8220;off&#8220; global_colors_info=&#8220;{}&#8220;][et_pb_column type=&#8220;2_3&#8243; _builder_version=&#8220;4.16&#8243; custom_padding=&#8220;|||&#8220; global_colors_info=&#8220;{}&#8220; custom_padding__hover=&#8220;|||&#8220;][et_pb_text _builder_version=&#8220;4.27.3&#8243; _module_preset=&#8220;default&#8220; global_colors_info=&#8220;{}&#8220;]<span style=\"color: #ffffff;\">Die B\u00fcrgerinnen und B\u00fcrger aus diesen drei Orten feierten dieses stolze Jubil\u00e4um gemeinsam mit einem Festjahr. In diesem Zusammenhang wuchs die Idee, den Volkstanz auch in unserer Region wieder lebendig werden zu lassen. Im Oktober 1999 wurde die Volkstanzgruppe als Abteilung des Heimatvereins Unteres Zusamtal ins Leben gerufen. Der erste gro\u00dfe Auftritt der T\u00e4nzerinnen und T\u00e4nzer war bei der 1000-Jahr-Feier im Juni 2000.<\/span><\/p>\n<p><span style=\"color: #ffffff;\">Seitdem trifft sich die Volkstanzgruppe regelm\u00e4\u00dfig zu \u00dcbungsabenden. Auch \u00f6ffentliche Auftritte wie z. B. bei Maifeiern stehen auf dem Programm. Sie haben Freude am Volkstanz? Dann schlie\u00dfen Sie sich doch unserer Volkstanzgruppe an. Neue T\u00e4nzerinnen und T\u00e4nzer jederzeit herzlich willkommen. Bitte wenden Sie sich an unsere 2. Vorsitzende Johanna Wech, Sternberger Str. 19, 86690 Mertingen, Tel. 09078\/920350, j.wech@arcor.de<\/em><\/span>[\/et_pb_text][\/et_pb_column][et_pb_column type=&#8220;1_3&#8243; _builder_version=&#8220;4.22.2&#8243; _module_preset=&#8220;default&#8220; global_colors_info=&#8220;{}&#8220;][et_pb_image src=&#8220;https:\/\/www.heimatverein-unteres-zusamtal.de\/wp-content\/uploads\/2024\/11\/monika-deisenhofer-ZeitungsFoto-jubilaeumvolkstanzgruppe.webp&#8220; title_text=&#8220;monika-deisenhofer-ZeitungsFoto-jubilaeumvolkstanzgruppe&#8220; align=&#8220;center&#8220; _builder_version=&#8220;4.27.3&#8243; _module_preset=&#8220;default&#8220; module_alignment=&#8220;center&#8220; custom_margin=&#8220;||||false|false&#8220; custom_padding=&#8220;||||false|true&#8220; animation_style=&#8220;slide&#8220; animation_direction=&#8220;right&#8220; global_colors_info=&#8220;{}&#8220;][\/et_pb_image][\/et_pb_column][\/et_pb_row][et_pb_row column_structure=&#8220;1_3,1_3,1_3&#8243; _builder_version=&#8220;4.27.3&#8243; max_width=&#8220;80%&#8220; custom_margin=&#8220;||||false|false&#8220; custom_margin_tablet=&#8220;|10%||10%&#8220; custom_margin_phone=&#8220;&#8220; custom_margin_last_edited=&#8220;on|tablet&#8220; custom_padding=&#8220;|||&#8220; animation_style=&#8220;slide&#8220; animation_direction=&#8220;left&#8220; use_custom_width=&#8220;on&#8220; width_unit=&#8220;off&#8220; global_colors_info=&#8220;{}&#8220;][et_pb_column type=&#8220;1_3&#8243; _builder_version=&#8220;4.16&#8243; custom_padding=&#8220;|||&#8220; global_colors_info=&#8220;{}&#8220; custom_padding__hover=&#8220;|||&#8220;][et_pb_image src=&#8220;https:\/\/www.heimatverein-unteres-zusamtal.de\/wp-content\/uploads\/2025\/10\/Bildschirmfoto-2025-10-13-um-14.43.18.png&#8220; title_text=&#8220;Bildschirmfoto 2025-10-13 um 14.43.18&#8243; _builder_version=&#8220;4.27.3&#8243; _module_preset=&#8220;default&#8220; global_colors_info=&#8220;{}&#8220;][\/et_pb_image][\/et_pb_column][et_pb_column type=&#8220;1_3&#8243; _builder_version=&#8220;4.22.2&#8243; _module_preset=&#8220;default&#8220; global_colors_info=&#8220;{}&#8220;][et_pb_image src=&#8220;https:\/\/www.heimatverein-unteres-zusamtal.de\/wp-content\/uploads\/2025\/10\/Bildschirmfoto-2025-10-13-um-14.42.55.png&#8220; title_text=&#8220;Bildschirmfoto 2025-10-13 um 14.42.55&#8243; _builder_version=&#8220;4.27.3&#8243; _module_preset=&#8220;default&#8220; global_colors_info=&#8220;{}&#8220;][\/et_pb_image][\/et_pb_column][et_pb_column type=&#8220;1_3&#8243; _builder_version=&#8220;4.22.2&#8243; _module_preset=&#8220;default&#8220; global_colors_info=&#8220;{}&#8220;][et_pb_image src=&#8220;https:\/\/www.heimatverein-unteres-zusamtal.de\/wp-content\/uploads\/2025\/10\/Bildschirmfoto-2025-10-13-um-14.42.08.png&#8220; title_text=&#8220;Bildschirmfoto 2025-10-13 um 14.42.08&#8243; _builder_version=&#8220;4.27.3&#8243; _module_preset=&#8220;default&#8220; global_colors_info=&#8220;{}&#8220;][\/et_pb_image][\/et_pb_column][\/et_pb_row][et_pb_row _builder_version=&#8220;4.27.3&#8243; _module_preset=&#8220;default&#8220; width=&#8220;81%&#8220; max_width=&#8220;1803px&#8220; global_colors_info=&#8220;{}&#8220;][et_pb_column type=&#8220;4_4&#8243; _builder_version=&#8220;4.27.3&#8243; _module_preset=&#8220;default&#8220; global_colors_info=&#8220;{}&#8220;][et_pb_text _builder_version=&#8220;4.27.3&#8243; text_font=&#8220;&#8211;et_global_body_font||||||||&#8220; text_font_size=&#8220;24px&#8220; header_font=&#8220;Arial||||||||&#8220; header_font_size=&#8220;26px&#8220; text_orientation=&#8220;center&#8220; background_layout=&#8220;dark&#8220; module_alignment=&#8220;left&#8220; animation_style=&#8220;fade&#8220; global_colors_info=&#8220;{}&#8220;]<\/p>\n<p>Beim \u00dcbungsabend der Volkstanzgruppe geht es lustig zu.<\/p>\n<p>[\/et_pb_text][et_pb_video src=&#8220;https:\/\/www.heimatverein-unteres-zusamtal.de\/wp-content\/uploads\/2025\/05\/Volkstanz_Uebungsabend.mp4&#8243; src_webm=&#8220;https:\/\/www.heimatverein-unteres-zusamtal.de\/wp-content\/uploads\/2025\/05\/Volkstanz_Uebungsabend.mp4&#8243; _builder_version=&#8220;4.27.3&#8243; _module_preset=&#8220;default&#8220; global_colors_info=&#8220;{}&#8220;][\/et_pb_video][\/et_pb_column][\/et_pb_row][\/et_pb_section]<\/p>\n","protected":false},"excerpt":{"rendered":"<p>Unsere Volkstanzgruppe Im Jahr 2000 feierten die D\u00f6rfer Oberth\u00fcrheim, Pfaffenhofen und Unterth\u00fcrheim das Jubil\u00e4um ihrer ersten urkundlichen Erw\u00e4hnung vor 1000 Jahren.Die B\u00fcrgerinnen und B\u00fcrger aus diesen drei Orten feierten dieses stolze Jubil\u00e4um gemeinsam mit einem Festjahr. In diesem Zusammenhang wuchs die Idee, den Volkstanz auch in unserer Region wieder lebendig werden zu lassen. Im Oktober [&hellip;]<\/p>\n","protected":false},"author":1,"featured_media":0,"parent":0,"menu_order":0,"comment_status":"closed","ping_status":"closed","template":"","meta":{"_et_pb_use_builder":"on","_et_pb_old_content":"<p>[et_pb_section fb_built=\"1\" fullwidth=\"on\" disabled_on=\"on|off|off\" _builder_version=\"4.22.2\" _module_preset=\"default\" bottom_divider_style=\"arrow2\" bottom_divider_color=\"#FFFFFF\" global_colors_info=\"{}\"][et_pb_fullwidth_header _builder_version=\"4.27.3\" _module_preset=\"default\" background_color=\"#FFFFFF\" background_image=\"https:\/\/www.heimatverein-unteres-zusamtal.de\/wp-content\/uploads\/2024\/11\/Heimatverein-Kaesinger-1-8601.jpg\" module_alignment=\"center\" custom_padding=\"0px||599px|||\" animation_style=\"fade\" global_colors_info=\"{}\"][\/et_pb_fullwidth_header][\/et_pb_section][et_pb_section fb_built=\"1\" admin_label=\"About\" _builder_version=\"4.16\" custom_padding=\"10px||20px|||\" global_colors_info=\"{}\"][et_pb_row _builder_version=\"4.16\" custom_margin=\"|||\" custom_padding=\"26px||48px|||\" global_colors_info=\"{}\"][et_pb_column type=\"4_4\" _builder_version=\"4.16\" custom_padding=\"|||\" global_colors_info=\"{}\" custom_padding__hover=\"|||\"][et_pb_text admin_label=\"Title\" _builder_version=\"4.27.3\" text_font=\"Montserrat|300|||||||\" text_font_size=\"16px\" text_line_height=\"1.8em\" header_font=\"Arial||||||||\" header_2_font=\"Arial|500|||||||\" header_2_text_align=\"center\" header_2_font_size=\"40px\" header_2_line_height=\"1.4em\" header_3_font_size=\"30px\" text_orientation=\"center\" max_width=\"700px\" module_alignment=\"center\" custom_margin=\"||-36px|||\" animation_style=\"slide\" animation_direction=\"right\" hover_enabled=\"0\" global_colors_info=\"{}\" sticky_enabled=\"0\"]<\/p><h2>Heimatkundliche Sammlung<\/h2><section class=\"avada-page-titlebar-wrapper\" aria-label=\"Page Title Bar\"><div class=\"fusion-page-title-bar fusion-page-title-bar-breadcrumbs fusion-page-title-bar-left\"><div class=\"fusion-page-title-row\"><div class=\"fusion-page-title-wrapper\">\u00a0<\/div><\/div><\/div><\/section><p>[\/et_pb_text][\/et_pb_column][\/et_pb_row][\/et_pb_section][et_pb_section fb_built=\"1\" admin_label=\"Quote\" _builder_version=\"4.27.3\" background_color=\"#0C71C3\" background_enable_image=\"off\" parallax=\"on\" max_width=\"90%\" max_width_tablet=\"100%\" max_width_phone=\"\" max_width_last_edited=\"on|desktop\" module_alignment=\"left\" custom_margin=\"-3px|49px||||\" custom_padding=\"18px|0px||||\" global_colors_info=\"{}\"][et_pb_row column_structure=\"2_3,1_3\" _builder_version=\"4.22.2\" max_width=\"80%\" custom_margin=\"|-12%||279px||\" custom_margin_tablet=\"|10%||10%\" custom_margin_phone=\"\" custom_margin_last_edited=\"on|tablet\" custom_padding=\"|||\" use_custom_width=\"on\" width_unit=\"off\" global_colors_info=\"{}\"][et_pb_column type=\"2_3\" _builder_version=\"4.16\" custom_padding=\"|||\" global_colors_info=\"{}\" custom_padding__hover=\"|||\"][et_pb_text _builder_version=\"4.27.0\" text_font=\"Montserrat||||||||\" text_font_size=\"24px\" text_line_height=\"1.6em\" header_font=\"Arial||||||||\" header_font_size=\"26px\" background_layout=\"dark\" animation_style=\"fade\" global_colors_info=\"{}\"]<\/p><h1>Ansprache 1<\/h1><p>[\/et_pb_text][\/et_pb_column][et_pb_column type=\"1_3\" _builder_version=\"4.22.2\" _module_preset=\"default\" global_colors_info=\"{}\"][\/et_pb_column][\/et_pb_row][et_pb_row column_structure=\"2_3,1_3\" _builder_version=\"4.22.2\" max_width=\"80%\" custom_margin=\"|-12%||279px||\" custom_margin_tablet=\"|10%||10%\" custom_margin_phone=\"\" custom_margin_last_edited=\"on|tablet\" custom_padding=\"5px||5px|||\" use_custom_width=\"on\" width_unit=\"off\" global_colors_info=\"{}\"][et_pb_column type=\"2_3\" _builder_version=\"4.16\" custom_padding=\"|||\" global_colors_info=\"{}\" custom_padding__hover=\"|||\"][et_pb_text _builder_version=\"4.27.0\" _module_preset=\"default\" global_colors_info=\"{}\"]<span style=\"color: #ffffff;\">Your content goes here. Edit or remove this text inline or in the module Content settings. You can also style every aspect of this content in the module Design settings and even apply custom CSS to this text in the module Advanced settings.<\/span><br \/>[\/et_pb_text][\/et_pb_column][et_pb_column type=\"1_3\" _builder_version=\"4.22.2\" _module_preset=\"default\" global_colors_info=\"{}\"][et_pb_image src=\"https:\/\/www.heimatverein-unteres-zusamtal.de\/wp-content\/uploads\/woocommerce-placeholder.png\" title_text=\"woocommerce-placeholder\" align=\"center\" _builder_version=\"4.27.0\" _module_preset=\"default\" module_alignment=\"center\" custom_margin=\"||||false|false\" custom_padding=\"||||false|true\" animation_style=\"slide\" animation_direction=\"right\" global_colors_info=\"{}\"][\/et_pb_image][\/et_pb_column][\/et_pb_row][et_pb_row column_structure=\"1_3,1_3,1_3\" _builder_version=\"4.22.2\" max_width=\"80%\" custom_margin=\"|-12%||279px||\" custom_margin_tablet=\"|10%||10%\" custom_margin_phone=\"\" custom_margin_last_edited=\"on|tablet\" custom_padding=\"|||\" animation_style=\"slide\" animation_direction=\"left\" use_custom_width=\"on\" width_unit=\"off\" global_colors_info=\"{}\"][et_pb_column type=\"1_3\" _builder_version=\"4.16\" custom_padding=\"|||\" global_colors_info=\"{}\" custom_padding__hover=\"|||\"][\/et_pb_column][et_pb_column type=\"1_3\" _builder_version=\"4.22.2\" _module_preset=\"default\" global_colors_info=\"{}\"][\/et_pb_column][et_pb_column type=\"1_3\" _builder_version=\"4.22.2\" _module_preset=\"default\" global_colors_info=\"{}\"][et_pb_text _builder_version=\"4.27.0\" _module_preset=\"default\" global_colors_info=\"{}\"]<span style=\"color: #ffffff;\">Your content goes here. Edit or remove this text inline or in the module Content settings. You can also style every aspect of this content in the module Design settings and even apply custom CSS to this text in the module Advanced settings.<\/span><br \/>[\/et_pb_text][\/et_pb_column][\/et_pb_row][et_pb_row column_structure=\"1_3,1_3,1_3\" _builder_version=\"4.22.2\" _module_preset=\"default\" width=\"100%\" max_width=\"2560px\" custom_padding=\"|4em||4em|false|true\" global_colors_info=\"{}\"][et_pb_column type=\"1_3\" _builder_version=\"4.22.2\" _module_preset=\"default\" global_colors_info=\"{}\"][\/et_pb_column][et_pb_column type=\"1_3\" _builder_version=\"4.22.2\" _module_preset=\"default\" global_colors_info=\"{}\"][\/et_pb_column][et_pb_column type=\"1_3\" _builder_version=\"4.22.2\" _module_preset=\"default\" global_colors_info=\"{}\"][\/et_pb_column][\/et_pb_row][\/et_pb_section][et_pb_section fb_built=\"1\" admin_label=\"Quote\" _builder_version=\"4.27.3\" background_color=\"#0c4c9b\" background_enable_image=\"off\" parallax=\"on\" position_origin_r=\"top_right\" max_width=\"90%\" max_width_tablet=\"100%\" max_width_phone=\"\" max_width_last_edited=\"on|desktop\" module_alignment=\"right\" custom_margin=\"35px|||49px|false|false\" custom_padding=\"18px|0px||||\" global_colors_info=\"{}\"][et_pb_row column_structure=\"2_5,3_5\" _builder_version=\"4.22.2\" max_width=\"80%\" custom_margin=\"|-12%||113px||\" custom_margin_tablet=\"|10%||10%\" custom_margin_phone=\"\" custom_margin_last_edited=\"on|tablet\" custom_padding=\"|||\" use_custom_width=\"on\" width_unit=\"off\" global_colors_info=\"{}\"][et_pb_column type=\"2_5\" _builder_version=\"4.16\" custom_padding=\"|||\" global_colors_info=\"{}\" custom_padding__hover=\"|||\"][et_pb_image src=\"https:\/\/www.heimatverein-unteres-zusamtal.de\/wp-content\/uploads\/woocommerce-placeholder.png\" title_text=\"woocommerce-placeholder\" align=\"center\" _builder_version=\"4.27.0\" _module_preset=\"default\" module_alignment=\"center\" custom_margin=\"||||false|false\" custom_padding=\"||||false|true\" animation_style=\"slide\" animation_direction=\"right\" global_colors_info=\"{}\"][\/et_pb_image][\/et_pb_column][et_pb_column type=\"3_5\" _builder_version=\"4.22.2\" _module_preset=\"default\" custom_padding=\"|18px|||false|false\" global_colors_info=\"{}\"][et_pb_text _builder_version=\"4.27.0\" text_font=\"Montserrat||||||||\" text_font_size=\"24px\" text_line_height=\"1.6em\" header_font=\"Arial||||||||\" header_font_size=\"26px\" background_layout=\"dark\" animation_style=\"fade\" global_colors_info=\"{}\"]<\/p><h1>Ansprache 2<\/h1><p>[\/et_pb_text][et_pb_text _builder_version=\"4.27.0\" _module_preset=\"default\" global_colors_info=\"{}\"]<span style=\"color: #ffffff;\">Your content goes here. Edit or remove this text inline or in the module Content settings. You can also style every aspect of this content in the module Design settings and even apply custom CSS to this text in the module Advanced settings.<\/span><br \/>[\/et_pb_text][\/et_pb_column][\/et_pb_row][\/et_pb_section][et_pb_section fb_built=\"1\" admin_label=\"Quote\" _builder_version=\"4.27.3\" background_color=\"#0C71C3\" max_width=\"80%\" max_width_tablet=\"100%\" max_width_phone=\"\" max_width_last_edited=\"on|desktop\" custom_margin=\"36px||||false|false\" custom_padding=\"|||\" global_colors_info=\"{}\"][et_pb_row column_structure=\"1_2,1_2\" _builder_version=\"4.16\" max_width=\"80%\" custom_margin=\"|-12%||\" custom_margin_tablet=\"|10%||10%\" custom_margin_phone=\"\" custom_margin_last_edited=\"on|tablet\" custom_padding=\"|||\" use_custom_width=\"on\" width_unit=\"off\" global_colors_info=\"{}\"][et_pb_column type=\"1_2\" _builder_version=\"4.16\" custom_padding=\"|||\" global_colors_info=\"{}\" custom_padding__hover=\"|||\"][et_pb_text _builder_version=\"4.27.0\" _module_preset=\"default\" global_colors_info=\"{}\"]<span style=\"color: #ffffff;\">Your content goes here. Edit or remove this text inline or in the module Content settings. You can also style every aspect of this content in the module Design settings and even apply custom CSS to this text in the module Advanced settings.<\/span><br \/>[\/et_pb_text][\/et_pb_column][et_pb_column type=\"1_2\" _builder_version=\"4.16\" custom_padding=\"|||\" global_colors_info=\"{}\" custom_padding__hover=\"|||\"][et_pb_image src=\"https:\/\/www.heimatverein-unteres-zusamtal.de\/wp-content\/uploads\/woocommerce-placeholder.png\" title_text=\"woocommerce-placeholder\" align=\"center\" _builder_version=\"4.27.0\" _module_preset=\"default\" module_alignment=\"center\" custom_margin=\"||||false|false\" custom_padding=\"|0px||0px|false|true\" animation_style=\"slide\" animation_direction=\"right\" global_colors_info=\"{}\"][\/et_pb_image][\/et_pb_column][\/et_pb_row][\/et_pb_section]<\/p>","_et_gb_content_width":"","footnotes":""},"class_list":["post-1158","page","type-page","status-publish","hentry"],"_links":{"self":[{"href":"https:\/\/www.heimatverein-unteres-zusamtal.de\/index.php\/wp-json\/wp\/v2\/pages\/1158","targetHints":{"allow":["GET"]}}],"collection":[{"href":"https:\/\/www.heimatverein-unteres-zusamtal.de\/index.php\/wp-json\/wp\/v2\/pages"}],"about":[{"href":"https:\/\/www.heimatverein-unteres-zusamtal.de\/index.php\/wp-json\/wp\/v2\/types\/page"}],"author":[{"embeddable":true,"href":"https:\/\/www.heimatverein-unteres-zusamtal.de\/index.php\/wp-json\/wp\/v2\/users\/1"}],"replies":[{"embeddable":true,"href":"https:\/\/www.heimatverein-unteres-zusamtal.de\/index.php\/wp-json\/wp\/v2\/comments?post=1158"}],"version-history":[{"count":25,"href":"https:\/\/www.heimatverein-unteres-zusamtal.de\/index.php\/wp-json\/wp\/v2\/pages\/1158\/revisions"}],"predecessor-version":[{"id":1598,"href":"https:\/\/www.heimatverein-unteres-zusamtal.de\/index.php\/wp-json\/wp\/v2\/pages\/1158\/revisions\/1598"}],"wp:attachment":[{"href":"https:\/\/www.heimatverein-unteres-zusamtal.de\/index.php\/wp-json\/wp\/v2\/media?parent=1158"}],"curies":[{"name":"wp","href":"https:\/\/api.w.org\/{rel}","templated":true}]}}